{"id":162,"date":"2019-06-04T10:19:52","date_gmt":"2019-06-04T08:19:52","guid":{"rendered":"http:\/\/trail-fleur-du-roy.com\/?page_id=162"},"modified":"2026-03-19T15:07:17","modified_gmt":"2026-03-19T14:07:17","slug":"les-resultats-vercors","status":"publish","type":"page","link":"https:\/\/trail-fleur-du-roy.com\/index.php\/les-resultats-vercors\/","title":{"rendered":"Les R\u00e9sultats"},"content":{"rendered":"\n<figure class=\"wp-block-image alignfull\"><img decoding=\"async\" loading=\"lazy\" width=\"1024\" height=\"128\" src=\"http:\/\/trail-fleur-du-roy.com\/wp-content\/uploads\/2019\/05\/banni\u00e8re-page-secondaire-1024x128.png\" alt=\"\" class=\"wp-image-109\" srcset=\"https:\/\/trail-fleur-du-roy.com\/wp-content\/uploads\/2019\/05\/banni\u00e8re-page-secondaire-1024x128.png 1024w, https:\/\/trail-fleur-du-roy.com\/wp-content\/uploads\/2019\/05\/banni\u00e8re-page-secondaire-300x38.png 300w, https:\/\/trail-fleur-du-roy.com\/wp-content\/uploads\/2019\/05\/banni\u00e8re-page-secondaire-768x96.png 768w, https:\/\/trail-fleur-du-roy.com\/wp-content\/uploads\/2019\/05\/banni\u00e8re-page-secondaire.png 1200w\" sizes=\"(max-width: 1024px) 100vw, 1024px\" \/><\/figure>\n\n\n\n<div style=\"height:100px\" aria-hidden=\"true\" class=\"wp-block-spacer\"><\/div>\n\n\n\n<h2 class=\"has-text-align-center\">R\u00e9sultats Complets \u00e9dition 2025 SG Chrono <a href=\"https:\/\/sgchrono.fr\/live\/roy25\/\" data-type=\"URL\" data-id=\"https:\/\/sgchrono.fr\/live\/roy25\/\">voir<\/a><\/h2>\n\n\n\n<p class=\"has-text-align-center\">Merci \u00e0 SG Chrono pour son implication<\/p>\n\n\n\n<p><\/p>\n\n\n\n<h2 class=\"has-text-align-center\">F\u00e9licitations \u00e0 toutes et \u00e0 tous !<\/h2>\n\n\n\n<p><\/p>\n\n\n\n<h1 class=\"has-text-align-center\">Edition 2022<\/h1>\n\n\n\n<div class=\"is-layout-flex wp-container-3 wp-block-columns alignwide has-2-columns\">\n<div class=\"is-layout-flow wp-block-column\">\n<h2 class=\"has-text-align-left\">Trail XXS &#8211; 14 kms \/500mD+ <\/h2>\n\n\n\n<p>HOMMES<br>1 &#8211;  POLASZEK&nbsp;Christophe  en  1:02:45 <br>2 &#8211; LEBOEUF&nbsp;Xavier  en  1:04:28 <br>3 &#8211; BOCACCIO&nbsp;L\u00e9o  en  1:05:24 <\/p>\n\n\n\n<p>FEMMES<br>1 &#8211;  DORIN-HABERT&nbsp;Marie  en  1:10:28 <br>2 &#8211;  GUILLOT&nbsp;Ana\u00efs  en  1:11:23 <br>3 &#8211;  CLAUDEL&nbsp;Marine  en   1:17:34  <\/p>\n\n\n\n<div class=\"wp-block-button alignleft\"><a class=\"wp-block-button__link has-background wp-element-button\" href=\"http:\/\/trail-fleur-du-roy.com\/wp-content\/uploads\/2022\/07\/resultats-trail-la-fleur-du-roy-14-km.pdf\" style=\"background-color:#ef1923\">Voir les r\u00e9sultats complets<\/a><\/div>\n\n\n\n<p><\/p>\n<\/div>\n\n\n\n<div class=\"is-layout-flow wp-block-column\">\n<h2 class=\"has-text-align-left\">Trail XS &#8211;  24kms\/1000mD+ <\/h2>\n\n\n\n<p>HOMMES<br>1 &#8211; LEURS&nbsp;R\u00e9mi en  1:56:26 <br>2 &#8211;  DE BARDONNECHE&nbsp;Jean  en  2:03:35 <br>3 &#8211;  SALLEE&nbsp;Fr\u00e9d\u00e9ric  en  2:10:51 <\/p>\n\n\n\n<p>FEMMES<br>1 &#8211;  CIANCIA&nbsp;Hermance  en  2:39:32 <br>2 &#8211;  CAROLINE&nbsp;Revol  en  2:40:03 <br>3 &#8211;  SASSOULAS&nbsp;\u00c9milie  en  2:40:06 <\/p>\n\n\n\n<div class=\"wp-block-button\"><a class=\"wp-block-button__link has-background wp-element-button\" href=\"http:\/\/trail-fleur-du-roy.com\/wp-content\/uploads\/2022\/07\/resultats-trail-la-fleur-du-roy-24-km.pdf\" style=\"background-color:#ef1923\">Voir les r\u00e9sultats complets<\/a><\/div>\n\n\n\n<p><\/p>\n<\/div>\n<\/div>\n\n\n\n<h2 class=\"has-text-align-center\"><\/h2>\n\n\n\n<div style=\"height:88px\" aria-hidden=\"true\" class=\"wp-block-spacer\"><\/div>\n\n\n\n<h1 class=\"has-text-align-center\">Edition 2021<\/h1>\n\n\n\n<div style=\"height:30px\" aria-hidden=\"true\" class=\"wp-block-spacer\"><\/div>\n\n\n\n<div class=\"is-layout-flex wp-container-6 wp-block-columns alignwide has-2-columns\">\n<div class=\"is-layout-flow wp-block-column\">\n<h2 class=\"has-text-align-left\">Trail XXS &#8211; 14 kms \/500mD+ <\/h2>\n\n\n\n<div class=\"wp-block-button alignleft\"><a class=\"wp-block-button__link has-background wp-element-button\" href=\"http:\/\/trail-fleur-du-roy.com\/wp-content\/uploads\/2021\/10\/resultats-la-fleur-du-roy-2021-14-km.pdf\" style=\"background-color:#ef1923\">Voir les r\u00e9sultats complets<\/a><\/div>\n\n\n\n<p><\/p>\n<\/div>\n\n\n\n<div class=\"is-layout-flow wp-block-column\">\n<h2 class=\"has-text-align-left\">Trail XS &#8211;  24kms\/1000mD+ <\/h2>\n\n\n\n<div class=\"wp-block-button\"><a class=\"wp-block-button__link has-background wp-element-button\" href=\"http:\/\/trail-fleur-du-roy.com\/wp-content\/uploads\/2021\/10\/resultats-la-fleur-du-roy-2021-24-km-1.pdf\" style=\"background-color:#ef1923\">Voir les r\u00e9sultats complets<\/a><\/div>\n\n\n\n<p><\/p>\n<\/div>\n<\/div>\n\n\n\n<div style=\"height:88px\" aria-hidden=\"true\" class=\"wp-block-spacer\"><\/div>\n\n\n\n<div style=\"height:30px\" aria-hidden=\"true\" class=\"wp-block-spacer\"><\/div>\n\n\n\n<div class=\"is-layout-flex wp-container-9 wp-block-columns alignwide has-2-columns\">\n<div class=\"is-layout-flow wp-block-column\">\n<p><\/p>\n<\/div>\n\n\n\n<div class=\"is-layout-flow wp-block-column\">\n<p><\/p>\n<\/div>\n<\/div>\n\n\n\n<div style=\"height:30px\" aria-hidden=\"true\" class=\"wp-block-spacer\"><\/div>\n\n\n\n<div style=\"height:30px\" aria-hidden=\"true\" class=\"wp-block-spacer\"><\/div>\n","protected":false},"excerpt":{"rendered":"<p>R\u00e9sultats Complets \u00e9dition 2025 SG Chrono voir Merci \u00e0 SG Chrono pour son implication F\u00e9licitations \u00e0 toutes et \u00e0 tous ! Edition 2022 Trail XXS&hellip;<\/p>\n","protected":false},"author":1,"featured_media":0,"parent":0,"menu_order":0,"comment_status":"closed","ping_status":"closed","template":"","meta":[],"_links":{"self":[{"href":"https:\/\/trail-fleur-du-roy.com\/index.php\/wp-json\/wp\/v2\/pages\/162"}],"collection":[{"href":"https:\/\/trail-fleur-du-roy.com\/index.php\/wp-json\/wp\/v2\/pages"}],"about":[{"href":"https:\/\/trail-fleur-du-roy.com\/index.php\/wp-json\/wp\/v2\/types\/page"}],"author":[{"embeddable":true,"href":"https:\/\/trail-fleur-du-roy.com\/index.php\/wp-json\/wp\/v2\/users\/1"}],"replies":[{"embeddable":true,"href":"https:\/\/trail-fleur-du-roy.com\/index.php\/wp-json\/wp\/v2\/comments?post=162"}],"version-history":[{"count":63,"href":"https:\/\/trail-fleur-du-roy.com\/index.php\/wp-json\/wp\/v2\/pages\/162\/revisions"}],"predecessor-version":[{"id":1082,"href":"https:\/\/trail-fleur-du-roy.com\/index.php\/wp-json\/wp\/v2\/pages\/162\/revisions\/1082"}],"wp:attachment":[{"href":"https:\/\/trail-fleur-du-roy.com\/index.php\/wp-json\/wp\/v2\/media?parent=162"}],"curies":[{"name":"wp","href":"https:\/\/api.w.org\/{rel}","templated":true}]}}