{"id":28,"date":"2019-05-31T11:05:19","date_gmt":"2019-05-31T09:05:19","guid":{"rendered":"http:\/\/trail-fleur-du-roy.com\/?page_id=28"},"modified":"2026-03-19T12:43:07","modified_gmt":"2026-03-19T11:43:07","slug":"14-kms-vercors","status":"publish","type":"page","link":"https:\/\/trail-fleur-du-roy.com\/index.php\/14-kms-vercors\/","title":{"rendered":"14 kms"},"content":{"rendered":"\n<figure class=\"wp-block-image alignfull\"><img decoding=\"async\" loading=\"lazy\" width=\"1024\" height=\"128\" src=\"http:\/\/trail-fleur-du-roy.com\/wp-content\/uploads\/2019\/05\/banni\u00e8re-page-secondaire-1024x128.png\" alt=\"\" class=\"wp-image-109\" srcset=\"https:\/\/trail-fleur-du-roy.com\/wp-content\/uploads\/2019\/05\/banni\u00e8re-page-secondaire-1024x128.png 1024w, https:\/\/trail-fleur-du-roy.com\/wp-content\/uploads\/2019\/05\/banni\u00e8re-page-secondaire-300x38.png 300w, https:\/\/trail-fleur-du-roy.com\/wp-content\/uploads\/2019\/05\/banni\u00e8re-page-secondaire-768x96.png 768w, https:\/\/trail-fleur-du-roy.com\/wp-content\/uploads\/2019\/05\/banni\u00e8re-page-secondaire.png 1200w\" sizes=\"(max-width: 1024px) 100vw, 1024px\" \/><\/figure>\n\n\n\n<div style=\"height:50px\" aria-hidden=\"true\" class=\"wp-block-spacer\"><\/div>\n\n\n\n<h1 class=\"has-text-align-center\">Trail XXS<\/h1>\n\n\n\n<div style=\"height:20px\" aria-hidden=\"true\" class=\"wp-block-spacer\"><\/div>\n\n\n\n<div class=\"is-layout-flex wp-container-3 wp-block-columns alignwide has-2-columns\">\n<div class=\"is-layout-flow wp-block-column\"><div class=\"wp-block-image\">\n<figure class=\"alignleft size-full\"><img decoding=\"async\" loading=\"lazy\" width=\"462\" height=\"599\" src=\"https:\/\/trail-fleur-du-roy.com\/wp-content\/uploads\/2026\/03\/Infos-14-kms-1.jpg\" alt=\"\" class=\"wp-image-1069\" srcset=\"https:\/\/trail-fleur-du-roy.com\/wp-content\/uploads\/2026\/03\/Infos-14-kms-1.jpg 462w, https:\/\/trail-fleur-du-roy.com\/wp-content\/uploads\/2026\/03\/Infos-14-kms-1-231x300.jpg 231w\" sizes=\"(max-width: 462px) 100vw, 462px\" \/><\/figure><\/div>\n\n\n<p><\/p>\n<\/div>\n\n\n\n<div class=\"is-layout-flow wp-block-column is-vertically-aligned-center\">\n<p class=\"has-text-align-center\">Apr\u00e8s 1,5 km traversant le village, les premiers chemins te conduiront en direction de \u00ab\u00a0Campalong\u00a0\u00bb.<\/p>\n\n\n\n<p class=\"has-text-align-center\">Ensuite tu continues l&rsquo;ascension avec une alternance de singles plus ou moins larges pour acc\u00e9der au belv\u00e9d\u00e8re des \u00ab\u00a0Granges\u00a0\u00bb au km 3,7. D\u00e9j\u00e0 200 m de D+ effectu\u00e9s ! <\/p>\n\n\n\n<p class=\"has-text-align-center\">Une longue descente, bien roulante, sur le secteur des \u00ab\u00a0Gen\u00e9tys\u00a0\u00bb te permettra de rejoindre le \u00ab\u00a0Bois-Barbu\u00a0\u00bb et le ravitaillement (km 8)&#8230; <\/p>\n\n\n\n<p class=\"has-text-align-center\">Prends des forces car tu repars pour 2,5 kms de mont\u00e9es avec 250 m de D+ pour atteindre la cime du \u00ab\u00a0Peuil\u00a0\u00bb,  point culminant de notre parcours \u00e0 1377m.<\/p>\n\n\n\n<p class=\"has-text-align-center\">Tu en as quasi termin\u00e9 avec les mont\u00e9es!<\/p>\n\n\n\n<p class=\"has-text-align-center\">A pr\u00e9sent, tu d\u00e9roules sur une belle descente en cr\u00eate avec quelques passages un peu techniques mais rien de m\u00e9chant&#8230;<\/p>\n\n\n\n<p class=\"has-text-align-center\">Un petit crochet vers la \u00ab\u00a0Grange Perrin\u00a0\u00bb pour profiter du point de vue sur les montagnes\u2026.<\/p>\n\n\n\n<p class=\"has-text-align-center\">Dernier km et derni\u00e8re descente en direction du village et de la ligne d&rsquo;arriv\u00e9e. C\u2019est d\u00e9j\u00e0 termin\u00e9&nbsp;!!! <\/p>\n\n\n\n<p class=\"has-text-align-center\"><strong>BRAVO<\/strong>&#8230;<\/p>\n<\/div>\n<\/div>\n\n\n\n<div class=\"is-layout-flex wp-block-buttons\">\n<div class=\"wp-block-button aligncenter\"><a class=\"wp-block-button__link has-background wp-element-button\" href=\"https:\/\/www.finishers.com\/book\/event\/vabf3\" style=\"background-color:#ef1923\">Je m&rsquo;inscris<\/a><\/div>\n<\/div>\n\n\n\n<div class=\"is-layout-flex wp-container-6 wp-block-columns alignwide has-2-columns\">\n<div class=\"is-layout-flow wp-block-column\">\n<div class=\"wp-block-media-text alignwide is-stacked-on-mobile\" style=\"grid-template-columns:39% auto\"><figure class=\"wp-block-media-text__media\"><a href=\"https:\/\/trail-fleur-du-roy.com\/wp-content\/uploads\/2026\/03\/Carte-14-kms-20261.png\"><img decoding=\"async\" loading=\"lazy\" width=\"290\" height=\"507\" src=\"https:\/\/trail-fleur-du-roy.com\/wp-content\/uploads\/2026\/03\/Carte-14-kms-20261.png\" alt=\"\" class=\"wp-image-1029 size-full\" srcset=\"https:\/\/trail-fleur-du-roy.com\/wp-content\/uploads\/2026\/03\/Carte-14-kms-20261.png 290w, https:\/\/trail-fleur-du-roy.com\/wp-content\/uploads\/2026\/03\/Carte-14-kms-20261-172x300.png 172w\" sizes=\"(max-width: 290px) 100vw, 290px\" \/><\/a><\/figure><div class=\"wp-block-media-text__content\"><div class=\"wp-block-image\">\n<figure class=\"aligncenter size-full is-resized\"><img decoding=\"async\" loading=\"lazy\" src=\"https:\/\/trail-fleur-du-roy.com\/wp-content\/uploads\/2026\/03\/Profil-14-kms-20261.png\" alt=\"\" class=\"wp-image-1031\" width=\"1049\" height=\"261\" srcset=\"https:\/\/trail-fleur-du-roy.com\/wp-content\/uploads\/2026\/03\/Profil-14-kms-20261.png 740w, https:\/\/trail-fleur-du-roy.com\/wp-content\/uploads\/2026\/03\/Profil-14-kms-20261-300x75.png 300w\" sizes=\"(max-width: 1049px) 100vw, 1049px\" \/><\/figure><\/div><\/div><\/div>\n\n\n\n<div style=\"height:20px\" aria-hidden=\"true\" class=\"wp-block-spacer\"><\/div>\n\n\n\n<p><\/p>\n<\/div>\n<\/div>\n\n\n\n<div style=\"height:20px\" aria-hidden=\"true\" class=\"wp-block-spacer\"><\/div>\n\n\n\n<h2 class=\"has-text-align-center\">Le Parcours en images<\/h2>\n\n\n<p><center>\n<div class=\"gdgallery-gallery-container\" id=\"gdgallery-container-4\" data-id=\"4\">\n    \n\n<div id=\"gdgallery_container_4\" style=\"display:none;\" data-view=\"slider\">\n\n            <img alt=\"\"\n             data-type=\"image\"\n             src=\"https:\/\/trail-fleur-du-roy.com\/wp-content\/uploads\/2019\/06\/61709893_2470680433160744_790774814305419264_o.jpg\"\n             data-image=\"https:\/\/trail-fleur-du-roy.com\/wp-content\/uploads\/2019\/06\/61709893_2470680433160744_790774814305419264_o.jpg\"\n             data-description=\"\"\n                         style=\"display:block\">\n\n            <img alt=\"\"\n             data-type=\"image\"\n             src=\"https:\/\/trail-fleur-du-roy.com\/wp-content\/uploads\/2019\/06\/61738012_2470680713160716_4733236285848682496_o.jpg\"\n             data-image=\"https:\/\/trail-fleur-du-roy.com\/wp-content\/uploads\/2019\/06\/61738012_2470680713160716_4733236285848682496_o.jpg\"\n             data-description=\"\"\n                         style=\"display:block\">\n\n            <img alt=\"\"\n             data-type=\"image\"\n             src=\"https:\/\/trail-fleur-du-roy.com\/wp-content\/uploads\/2019\/06\/61744144_2470680749827379_1720347067353661440_o.jpg\"\n             data-image=\"https:\/\/trail-fleur-du-roy.com\/wp-content\/uploads\/2019\/06\/61744144_2470680749827379_1720347067353661440_o.jpg\"\n             data-description=\"\"\n                         style=\"display:block\">\n\n            <img alt=\"\"\n             data-type=\"image\"\n             src=\"https:\/\/trail-fleur-du-roy.com\/wp-content\/uploads\/2019\/06\/61763841_2470680283160759_8260528085208662016_o.jpg\"\n             data-image=\"https:\/\/trail-fleur-du-roy.com\/wp-content\/uploads\/2019\/06\/61763841_2470680283160759_8260528085208662016_o.jpg\"\n             data-description=\"\"\n                         style=\"display:block\">\n\n            <img alt=\"\"\n             data-type=\"image\"\n             src=\"https:\/\/trail-fleur-du-roy.com\/wp-content\/uploads\/2019\/06\/61841914_2470680393160748_3166207550823596032_o.jpg\"\n             data-image=\"https:\/\/trail-fleur-du-roy.com\/wp-content\/uploads\/2019\/06\/61841914_2470680393160748_3166207550823596032_o.jpg\"\n             data-description=\"\"\n                         style=\"display:block\">\n\n            <img alt=\"\"\n             data-type=\"image\"\n             src=\"https:\/\/trail-fleur-du-roy.com\/wp-content\/uploads\/2019\/06\/61842750_2470680369827417_540331268366139392_o.jpg\"\n             data-image=\"https:\/\/trail-fleur-du-roy.com\/wp-content\/uploads\/2019\/06\/61842750_2470680369827417_540331268366139392_o.jpg\"\n             data-description=\"\"\n                         style=\"display:block\">\n\n            <img alt=\"\"\n             data-type=\"image\"\n             src=\"https:\/\/trail-fleur-du-roy.com\/wp-content\/uploads\/2019\/06\/61851983_2470680586494062_2060790244231348224_o.jpg\"\n             data-image=\"https:\/\/trail-fleur-du-roy.com\/wp-content\/uploads\/2019\/06\/61851983_2470680586494062_2060790244231348224_o.jpg\"\n             data-description=\"\"\n                         style=\"display:block\">\n\n            <img alt=\"\"\n             data-type=\"image\"\n             src=\"https:\/\/trail-fleur-du-roy.com\/wp-content\/uploads\/2019\/06\/61896742_2470680653160722_9067009401642024960_o-1.jpg\"\n             data-image=\"https:\/\/trail-fleur-du-roy.com\/wp-content\/uploads\/2019\/06\/61896742_2470680653160722_9067009401642024960_o-1.jpg\"\n             data-description=\"\"\n                         style=\"display:block\">\n\n            <img alt=\"\"\n             data-type=\"image\"\n             src=\"https:\/\/trail-fleur-du-roy.com\/wp-content\/uploads\/2019\/06\/61900822_2470680799827374_1745410516513193984_o.jpg\"\n             data-image=\"https:\/\/trail-fleur-du-roy.com\/wp-content\/uploads\/2019\/06\/61900822_2470680799827374_1745410516513193984_o.jpg\"\n             data-description=\"\"\n                         style=\"display:block\">\n\n            <img alt=\"\"\n             data-type=\"image\"\n             src=\"https:\/\/trail-fleur-du-roy.com\/wp-content\/uploads\/2019\/06\/61933856_2470680539827400_4472773345712013312_o.jpg\"\n             data-image=\"https:\/\/trail-fleur-du-roy.com\/wp-content\/uploads\/2019\/06\/61933856_2470680539827400_4472773345712013312_o.jpg\"\n             data-description=\"\"\n                         style=\"display:block\">\n\n            <img alt=\"\"\n             data-type=\"image\"\n             src=\"https:\/\/trail-fleur-du-roy.com\/wp-content\/uploads\/2019\/06\/61963346_2470681703160617_6916560851818250240_o.jpg\"\n             data-image=\"https:\/\/trail-fleur-du-roy.com\/wp-content\/uploads\/2019\/06\/61963346_2470681703160617_6916560851818250240_o.jpg\"\n             data-description=\"\"\n                         style=\"display:block\">\n\n            <img alt=\"\"\n             data-type=\"image\"\n             src=\"https:\/\/trail-fleur-du-roy.com\/wp-content\/uploads\/2019\/06\/61975447_2470680679827386_3212341229069008896_o.jpg\"\n             data-image=\"https:\/\/trail-fleur-du-roy.com\/wp-content\/uploads\/2019\/06\/61975447_2470680679827386_3212341229069008896_o.jpg\"\n             data-description=\"\"\n                         style=\"display:block\">\n\n            <img alt=\"\"\n             data-type=\"image\"\n             src=\"https:\/\/trail-fleur-du-roy.com\/wp-content\/uploads\/2019\/06\/61980727_2470680759827378_5699102361167855616_o.jpg\"\n             data-image=\"https:\/\/trail-fleur-du-roy.com\/wp-content\/uploads\/2019\/06\/61980727_2470680759827378_5699102361167855616_o.jpg\"\n             data-description=\"\"\n                         style=\"display:block\">\n\n            <img alt=\"\"\n             data-type=\"image\"\n             src=\"https:\/\/trail-fleur-du-roy.com\/wp-content\/uploads\/2019\/06\/62074179_2470680466494074_4715202693130354688_o.jpg\"\n             data-image=\"https:\/\/trail-fleur-du-roy.com\/wp-content\/uploads\/2019\/06\/62074179_2470680466494074_4715202693130354688_o.jpg\"\n             data-description=\"\"\n                         style=\"display:block\">\n\n            <img alt=\"\"\n             data-type=\"image\"\n             src=\"https:\/\/trail-fleur-du-roy.com\/wp-content\/uploads\/2019\/06\/62191168_2470680516494069_3820804972400869376_o.jpg\"\n             data-image=\"https:\/\/trail-fleur-du-roy.com\/wp-content\/uploads\/2019\/06\/62191168_2470680516494069_3820804972400869376_o.jpg\"\n             data-description=\"\"\n                         style=\"display:block\">\n\n            <img alt=\"\"\n             data-type=\"image\"\n             src=\"https:\/\/trail-fleur-du-roy.com\/wp-content\/uploads\/2019\/06\/62195379_2470680316494089_278815026154831872_o.jpg\"\n             data-image=\"https:\/\/trail-fleur-du-roy.com\/wp-content\/uploads\/2019\/06\/62195379_2470680316494089_278815026154831872_o.jpg\"\n             data-description=\"\"\n                         style=\"display:block\">\n\n            <img alt=\"\"\n             data-type=\"image\"\n             src=\"https:\/\/trail-fleur-du-roy.com\/wp-content\/uploads\/2019\/06\/62203862_2470680306494090_6246402377180512256_o.jpg\"\n             data-image=\"https:\/\/trail-fleur-du-roy.com\/wp-content\/uploads\/2019\/06\/62203862_2470680306494090_6246402377180512256_o.jpg\"\n             data-description=\"\"\n                         style=\"display:block\">\n\n            <img alt=\"Le Clariant\"\n             data-type=\"image\"\n             src=\"https:\/\/trail-fleur-du-roy.com\/wp-content\/uploads\/2019\/06\/62254957_2470680496494071_3091588932211572736_o.jpg\"\n             data-image=\"https:\/\/trail-fleur-du-roy.com\/wp-content\/uploads\/2019\/06\/62254957_2470680496494071_3091588932211572736_o.jpg\"\n             data-description=\"\"\n                         style=\"display:block\">\n\n    \n<\/div>\n\n<script type=\"text\/javascript\">\n    (function() {\n        var runMyCode = function() {\n            jQuery(document).ready(function () {\n                var container = jQuery(\"#gdgallery_container_4\");\n                container.unitegallery({\"gallery_theme\":\"slider\",\"gallery_images_preload_type\":\"minimal\",\"gallery_width\":\"900\",\"gallery_height\":\"500\",\"gallery_autoplay\":true,\"gallery_play_interval\":\"5000\",\"gallery_pause_on_mouseover\":true,\"slider_scale_mode\":\"fill\",\"slider_transition\":\"slide\",\"slider_transition_speed\":1500,\"slider_loader_type\":1,\"slider_loader_color\":\"white\",\"slider_enable_bullets\":true,\"slider_bullets_align_hor\":\"center\",\"slider_bullets_align_vert\":\"bottom\",\"slider_enable_arrows\":true,\"slider_enable_progress_indicator\":true,\"slider_progress_indicator_type\":\"pie\",\"slider_progress_indicator_align_hor\":\"right\",\"slider_progress_indicator_align_vert\":\"top\",\"slider_enable_play_button\":false,\"slider_play_button_align_hor\":\"left\",\"slider_play_button_align_vert\":\"top\",\"slider_enable_fullscreen_button\":false,\"slider_fullscreen_button_align_hor\":\"left\",\"slider_fullscreen_button_align_vert\":\"top\",\"slider_control_zoom\":true,\"slider_enable_zoom_panel\":false,\"slider_zoompanel_align_hor\":\"left\",\"slider_zoompanel_align_vert\":\"top\",\"slider_controls_always_on\":false,\"slider_videoplay_button_type\":\"round\",\"slider_textpanel_always_on\":false,\"slider_enable_text_panel\":true,\"slider_textpanel_enable_title\":true,\"slider_textpanel_enable_description\":true,\"slider_textpanel_enable_bg\":true,\"gallery_carousel\":true,\"slider_textpanel_bg_color\":\"#000000\",\"slider_textpanel_bg_opacity\":0.7,\"slider_textpanel_title_font_size\":\"17\",\"slider_textpanel_title_color\":\"#FFFFFF\",\"slider_textpanel_desc_font_size\":\"14\",\"slider_textpanel_desc_color\":\"#FFFFFF\",\"slider_progress_indicator_offset_hor\":5,\"slider_progress_indicator_offset_vert\":5,\"slider_play_button_offset_hor\":60,\"slider_play_button_offset_vert\":8,\"slider_fullscreen_button_offset_hor\":37,\"slider_fullscreen_button_offset_vert\":9,\"slider_zoompanel_offset_hor\":12,\"slider_zoompanel_offset_vert\":40});\n            });\n        };\n        var timer = function() {\n            if (window.jQuery) {runMyCode(window.jQuery);}\n            else {window.setTimeout(timer, 100);}\n        };\n        timer();\n    })();\n<\/script><style>\n\n#gdgallery_container_2{}<\/style>\n<\/div>\n\n\n\n\n\n<\/center><\/p>\n","protected":false},"excerpt":{"rendered":"<p>Trail XXS Apr\u00e8s 1,5 km traversant le village, les premiers chemins te conduiront en direction de \u00ab\u00a0Campalong\u00a0\u00bb. Ensuite tu continues l&rsquo;ascension avec une alternance de&hellip;<\/p>\n","protected":false},"author":1,"featured_media":0,"parent":0,"menu_order":0,"comment_status":"closed","ping_status":"closed","template":"","meta":[],"_links":{"self":[{"href":"https:\/\/trail-fleur-du-roy.com\/index.php\/wp-json\/wp\/v2\/pages\/28"}],"collection":[{"href":"https:\/\/trail-fleur-du-roy.com\/index.php\/wp-json\/wp\/v2\/pages"}],"about":[{"href":"https:\/\/trail-fleur-du-roy.com\/index.php\/wp-json\/wp\/v2\/types\/page"}],"author":[{"embeddable":true,"href":"https:\/\/trail-fleur-du-roy.com\/index.php\/wp-json\/wp\/v2\/users\/1"}],"replies":[{"embeddable":true,"href":"https:\/\/trail-fleur-du-roy.com\/index.php\/wp-json\/wp\/v2\/comments?post=28"}],"version-history":[{"count":144,"href":"https:\/\/trail-fleur-du-roy.com\/index.php\/wp-json\/wp\/v2\/pages\/28\/revisions"}],"predecessor-version":[{"id":1070,"href":"https:\/\/trail-fleur-du-roy.com\/index.php\/wp-json\/wp\/v2\/pages\/28\/revisions\/1070"}],"wp:attachment":[{"href":"https:\/\/trail-fleur-du-roy.com\/index.php\/wp-json\/wp\/v2\/media?parent=28"}],"curies":[{"name":"wp","href":"https:\/\/api.w.org\/{rel}","templated":true}]}}